{"id":344,"date":"2025-08-24T18:35:05","date_gmt":"2025-08-24T22:35:05","guid":{"rendered":"https:\/\/bdc.pubinteractive.ca\/?page_id=344"},"modified":"2025-08-24T18:55:53","modified_gmt":"2025-08-24T22:55:53","slug":"trois-rivieres","status":"publish","type":"page","link":"https:\/\/bdc.pubinteractive.ca\/en\/restaurant\/trois-rivieres\/","title":{"rendered":"Trois-Rivi\u00e8res"},"content":{"rendered":"\n<p>Our Trois-Rivi\u00e8res restaurant is located at 4520, boulevard des R\u00e9collets, in the Carrefour Trois-Rivi\u00e8res-Ouest. Whether the gathering is among business associates, friends or family members, you will delight in our \u201call you can eat\u201d formula, available for lunch and dinner, as well as for our renowned brunches offered every Saturday and Sunday. The delicious food we offer is hearty, varied, of high quality and competitively priced; it is prepared with care and passion by our chefs and served in unique, warm, clean and welcoming spaces, all of them exquisitely decorated. The Buffet des Continents of Trois-Rivi\u00e8res is the perfect location to invite the entire family, the sports team, a corporate group and even an out-of-town organization visiting the Mauricie region.<\/p>\n","protected":false},"excerpt":{"rendered":"<p>Our Trois-Rivi\u00e8res restaurant is located at 4520, boulevard des R\u00e9collets, in the Carrefour Trois-Rivi\u00e8res-Ouest. Whether the gathering is among business associates, friends or family members, you will delight in our \u201call you can eat\u201d formula, available for lunch and dinner, as well as for our renowned brunches offered every Saturday and Sunday. The delicious food [&hellip;]<\/p>\n","protected":false},"author":1,"featured_media":339,"parent":137,"menu_order":0,"comment_status":"closed","ping_status":"closed","template":"page-restaurants.php","meta":{"footnotes":""},"class_list":["post-344","page","type-page","status-publish","has-post-thumbnail","hentry"],"yoast_head":"<!-- This site is optimized with the Yoast SEO plugin v27.0 - https:\/\/yoast.com\/product\/yoast-seo-wordpress\/ -->\n<title>Trois-Rivi\u00e8res - Buffet des Continents<\/title>\n<meta name=\"robots\" content=\"noindex, follow, max-snippet:-1, max-image-preview:large, max-video-preview:-1\" \/>\n<meta property=\"og:locale\" content=\"en_US\" \/>\n<meta property=\"og:type\" content=\"article\" \/>\n<meta property=\"og:title\" content=\"Trois-Rivi\u00e8res - Buffet des Continents\" \/>\n<meta property=\"og:description\" content=\"Our Trois-Rivi\u00e8res restaurant is located at 4520, boulevard des R\u00e9collets, in the Carrefour Trois-Rivi\u00e8res-Ouest. Whether the gathering is among business associates, friends or family members, you will delight in our \u201call you can eat\u201d formula, available for lunch and dinner, as well as for our renowned brunches offered every Saturday and Sunday. The delicious food [&hellip;]\" \/>\n<meta property=\"og:url\" content=\"https:\/\/bdc.pubinteractive.ca\/en\/restaurant\/trois-rivieres\/\" \/>\n<meta property=\"og:site_name\" content=\"Buffet des Continents\" \/>\n<meta property=\"article:modified_time\" content=\"2025-08-24T22:55:53+00:00\" \/>\n<meta property=\"og:image\" content=\"https:\/\/bdc.pubinteractive.ca\/wp-content\/uploads\/2025\/08\/bdc-trois-rivieres.jpg\" \/>\n\t<meta property=\"og:image:width\" content=\"1581\" \/>\n\t<meta property=\"og:image:height\" content=\"888\" \/>\n\t<meta property=\"og:image:type\" content=\"image\/jpeg\" \/>\n<meta name=\"twitter:card\" content=\"summary_large_image\" \/>\n<meta name=\"twitter:label1\" content=\"Est. reading time\" \/>\n\t<meta name=\"twitter:data1\" content=\"2 minutes\" \/>\n<script type=\"application\/ld+json\" class=\"yoast-schema-graph\">{\"@context\":\"https:\/\/schema.org\",\"@graph\":[{\"@type\":\"WebPage\",\"@id\":\"https:\/\/bdc.pubinteractive.ca\/en\/restaurant\/trois-rivieres\/\",\"url\":\"https:\/\/bdc.pubinteractive.ca\/en\/restaurant\/trois-rivieres\/\",\"name\":\"Trois-Rivi\u00e8res - Buffet des Continents\",\"isPartOf\":{\"@id\":\"https:\/\/bdc.pubinteractive.ca\/#website\"},\"primaryImageOfPage\":{\"@id\":\"https:\/\/bdc.pubinteractive.ca\/en\/restaurant\/trois-rivieres\/#primaryimage\"},\"image\":{\"@id\":\"https:\/\/bdc.pubinteractive.ca\/en\/restaurant\/trois-rivieres\/#primaryimage\"},\"thumbnailUrl\":\"https:\/\/bdc.pubinteractive.ca\/wp-content\/uploads\/2025\/08\/bdc-trois-rivieres.jpg\",\"datePublished\":\"2025-08-24T22:35:05+00:00\",\"dateModified\":\"2025-08-24T22:55:53+00:00\",\"breadcrumb\":{\"@id\":\"https:\/\/bdc.pubinteractive.ca\/en\/restaurant\/trois-rivieres\/#breadcrumb\"},\"inLanguage\":\"en-US\",\"potentialAction\":[{\"@type\":\"ReadAction\",\"target\":[\"https:\/\/bdc.pubinteractive.ca\/en\/restaurant\/trois-rivieres\/\"]}]},{\"@type\":\"ImageObject\",\"inLanguage\":\"en-US\",\"@id\":\"https:\/\/bdc.pubinteractive.ca\/en\/restaurant\/trois-rivieres\/#primaryimage\",\"url\":\"https:\/\/bdc.pubinteractive.ca\/wp-content\/uploads\/2025\/08\/bdc-trois-rivieres.jpg\",\"contentUrl\":\"https:\/\/bdc.pubinteractive.ca\/wp-content\/uploads\/2025\/08\/bdc-trois-rivieres.jpg\",\"width\":1581,\"height\":888,\"caption\":\"restaurant buffet des continents trois-rivieres\"},{\"@type\":\"BreadcrumbList\",\"@id\":\"https:\/\/bdc.pubinteractive.ca\/en\/restaurant\/trois-rivieres\/#breadcrumb\",\"itemListElement\":[{\"@type\":\"ListItem\",\"position\":1,\"name\":\"Home\",\"item\":\"https:\/\/bdc.pubinteractive.ca\/en\/\"},{\"@type\":\"ListItem\",\"position\":2,\"name\":\"Restaurants\",\"item\":\"https:\/\/bdc.pubinteractive.ca\/en\/restaurant\/\"},{\"@type\":\"ListItem\",\"position\":3,\"name\":\"Trois-Rivi\u00e8res\"}]},{\"@type\":\"WebSite\",\"@id\":\"https:\/\/bdc.pubinteractive.ca\/#website\",\"url\":\"https:\/\/bdc.pubinteractive.ca\/\",\"name\":\"Buffet des Continents\",\"description\":\"\",\"potentialAction\":[{\"@type\":\"SearchAction\",\"target\":{\"@type\":\"EntryPoint\",\"urlTemplate\":\"https:\/\/bdc.pubinteractive.ca\/?s={search_term_string}\"},\"query-input\":{\"@type\":\"PropertyValueSpecification\",\"valueRequired\":true,\"valueName\":\"search_term_string\"}}],\"inLanguage\":\"en-US\"}]}<\/script>\n<!-- \/ Yoast SEO plugin. -->","yoast_head_json":{"title":"Trois-Rivi\u00e8res - Buffet des Continents","robots":{"index":"noindex","follow":"follow","max-snippet":"max-snippet:-1","max-image-preview":"max-image-preview:large","max-video-preview":"max-video-preview:-1"},"og_locale":"en_US","og_type":"article","og_title":"Trois-Rivi\u00e8res - Buffet des Continents","og_description":"Our Trois-Rivi\u00e8res restaurant is located at 4520, boulevard des R\u00e9collets, in the Carrefour Trois-Rivi\u00e8res-Ouest. Whether the gathering is among business associates, friends or family members, you will delight in our \u201call you can eat\u201d formula, available for lunch and dinner, as well as for our renowned brunches offered every Saturday and Sunday. The delicious food [&hellip;]","og_url":"https:\/\/bdc.pubinteractive.ca\/en\/restaurant\/trois-rivieres\/","og_site_name":"Buffet des Continents","article_modified_time":"2025-08-24T22:55:53+00:00","og_image":[{"width":1581,"height":888,"url":"https:\/\/bdc.pubinteractive.ca\/wp-content\/uploads\/2025\/08\/bdc-trois-rivieres.jpg","type":"image\/jpeg"}],"twitter_card":"summary_large_image","twitter_misc":{"Est. reading time":"2 minutes"},"schema":{"@context":"https:\/\/schema.org","@graph":[{"@type":"WebPage","@id":"https:\/\/bdc.pubinteractive.ca\/en\/restaurant\/trois-rivieres\/","url":"https:\/\/bdc.pubinteractive.ca\/en\/restaurant\/trois-rivieres\/","name":"Trois-Rivi\u00e8res - Buffet des Continents","isPartOf":{"@id":"https:\/\/bdc.pubinteractive.ca\/#website"},"primaryImageOfPage":{"@id":"https:\/\/bdc.pubinteractive.ca\/en\/restaurant\/trois-rivieres\/#primaryimage"},"image":{"@id":"https:\/\/bdc.pubinteractive.ca\/en\/restaurant\/trois-rivieres\/#primaryimage"},"thumbnailUrl":"https:\/\/bdc.pubinteractive.ca\/wp-content\/uploads\/2025\/08\/bdc-trois-rivieres.jpg","datePublished":"2025-08-24T22:35:05+00:00","dateModified":"2025-08-24T22:55:53+00:00","breadcrumb":{"@id":"https:\/\/bdc.pubinteractive.ca\/en\/restaurant\/trois-rivieres\/#breadcrumb"},"inLanguage":"en-US","potentialAction":[{"@type":"ReadAction","target":["https:\/\/bdc.pubinteractive.ca\/en\/restaurant\/trois-rivieres\/"]}]},{"@type":"ImageObject","inLanguage":"en-US","@id":"https:\/\/bdc.pubinteractive.ca\/en\/restaurant\/trois-rivieres\/#primaryimage","url":"https:\/\/bdc.pubinteractive.ca\/wp-content\/uploads\/2025\/08\/bdc-trois-rivieres.jpg","contentUrl":"https:\/\/bdc.pubinteractive.ca\/wp-content\/uploads\/2025\/08\/bdc-trois-rivieres.jpg","width":1581,"height":888,"caption":"restaurant buffet des continents trois-rivieres"},{"@type":"BreadcrumbList","@id":"https:\/\/bdc.pubinteractive.ca\/en\/restaurant\/trois-rivieres\/#breadcrumb","itemListElement":[{"@type":"ListItem","position":1,"name":"Home","item":"https:\/\/bdc.pubinteractive.ca\/en\/"},{"@type":"ListItem","position":2,"name":"Restaurants","item":"https:\/\/bdc.pubinteractive.ca\/en\/restaurant\/"},{"@type":"ListItem","position":3,"name":"Trois-Rivi\u00e8res"}]},{"@type":"WebSite","@id":"https:\/\/bdc.pubinteractive.ca\/#website","url":"https:\/\/bdc.pubinteractive.ca\/","name":"Buffet des Continents","description":"","potentialAction":[{"@type":"SearchAction","target":{"@type":"EntryPoint","urlTemplate":"https:\/\/bdc.pubinteractive.ca\/?s={search_term_string}"},"query-input":{"@type":"PropertyValueSpecification","valueRequired":true,"valueName":"search_term_string"}}],"inLanguage":"en-US"}]}},"_links":{"self":[{"href":"https:\/\/bdc.pubinteractive.ca\/en\/wp-json\/wp\/v2\/pages\/344","targetHints":{"allow":["GET"]}}],"collection":[{"href":"https:\/\/bdc.pubinteractive.ca\/en\/wp-json\/wp\/v2\/pages"}],"about":[{"href":"https:\/\/bdc.pubinteractive.ca\/en\/wp-json\/wp\/v2\/types\/page"}],"author":[{"embeddable":true,"href":"https:\/\/bdc.pubinteractive.ca\/en\/wp-json\/wp\/v2\/users\/1"}],"replies":[{"embeddable":true,"href":"https:\/\/bdc.pubinteractive.ca\/en\/wp-json\/wp\/v2\/comments?post=344"}],"version-history":[{"count":2,"href":"https:\/\/bdc.pubinteractive.ca\/en\/wp-json\/wp\/v2\/pages\/344\/revisions"}],"predecessor-version":[{"id":357,"href":"https:\/\/bdc.pubinteractive.ca\/en\/wp-json\/wp\/v2\/pages\/344\/revisions\/357"}],"up":[{"embeddable":true,"href":"https:\/\/bdc.pubinteractive.ca\/en\/wp-json\/wp\/v2\/pages\/137"}],"wp:featuredmedia":[{"embeddable":true,"href":"https:\/\/bdc.pubinteractive.ca\/en\/wp-json\/wp\/v2\/media\/339"}],"wp:attachment":[{"href":"https:\/\/bdc.pubinteractive.ca\/en\/wp-json\/wp\/v2\/media?parent=344"}],"curies":[{"name":"wp","href":"https:\/\/api.w.org\/{rel}","templated":true}]}}